{"id":5438,"date":"2022-07-14T14:50:19","date_gmt":"2022-07-14T14:50:19","guid":{"rendered":"https:\/\/atelieraberto.pt\/?page_id=5438"},"modified":"2022-07-22T11:29:42","modified_gmt":"2022-07-22T11:29:42","slug":"sobre","status":"publish","type":"page","link":"https:\/\/atelieraberto.pt\/en\/sobre\/","title":{"rendered":".about"},"content":{"rendered":"<div data-elementor-type=\"wp-page\" data-elementor-id=\"5438\" class=\"elementor elementor-5438\" data-elementor-settings=\"[]\">\n\t\t\t\t\t\t\t<div class=\"elementor-section-wrap\">\n\t\t\t\t\t\t\t<section class=\"elementor-section elementor-top-section elementor-element elementor-element-f5ea409 elementor-section-full_width elementor-section-height-min-height elementor-section-items-top elementor-section-content-top elementor-section-height-default\" data-id=\"f5ea409\" data-element_type=\"section\" data-settings=\"{&quot;background_background&quot;:&quot;classic&quot;}\">\n\t\t\t\t\t\t<div class=\"elementor-container elementor-column-gap-default\">\n\t\t\t\t\t<div class=\"elementor-column elementor-col-50 elementor-top-column elementor-element elementor-element-9515a55 elementor-hidden-mobile\" data-id=\"9515a55\" data-element_type=\"column\" data-settings=\"{&quot;background_background&quot;:&quot;classic&quot;}\">\n\t\t\t<div class=\"elementor-widget-wrap\">\n\t\t\t\t\t\t\t\t\t<\/div>\n\t\t<\/div>\n\t\t\t\t<div class=\"elementor-column elementor-col-50 elementor-top-column elementor-element elementor-element-8467109\" data-id=\"8467109\" data-element_type=\"column\" data-settings=\"{&quot;background_background&quot;:&quot;classic&quot;}\">\n\t\t\t<div class=\"elementor-widget-wrap elementor-element-populated\">\n\t\t\t\t\t\t\t\t<div class=\"elementor-element elementor-element-e8ac508 elementor-widget elementor-widget-heading\" data-id=\"e8ac508\" data-element_type=\"widget\" data-widget_type=\"heading.default\">\n\t\t\t\t<div class=\"elementor-widget-container\">\n\t\t\t<h2 class=\"elementor-heading-title elementor-size-default\"><p>- <b>Atelier.aberto was born in Porto in 2006.<\/b> - <\/p>\n\n<p>In the course of its activity, it has had the opportunity to explore different types of architectural programs, from housing to industry, including tourist and social facilities.<\/p>\n\n<p>It has a consistent and diversified portfolio of built works, distributed throughout the national territory, which gives the studio's current work a solid design maturity and management of specific problems in response to the client's needs from bureaucratic procedures to budget requirements.<\/p>\n \n<p>Believing in the interdisciplinarity of the design activity, the atelier counts on consolidated collaborations and specialized partnerships that give the built works a high attention to the specificity of the program.<\/p> \n\n<p>The formation, experience and intervention values of the members of the collective refer to a particular aptitude for the different challenges requested, revealing sensitivity in the contextualization and treatment of the various components of the architectural object.<\/p>\n<\/h2>\t\t<\/div>\n\t\t\t\t<\/div>\n\t\t\t\t\t<\/div>\n\t\t<\/div>\n\t\t\t\t\t\t\t<\/div>\n\t\t<\/section>\n\t\t\t\t\t\t<\/div>\n\t\t\t\t\t<\/div>","protected":false},"excerpt":{"rendered":"<p>O atelier.aberto nasce no Porto em 2006 . No decurso da sua atividade , tem tido a oportunidade de explorar diferentes tipos de programas arquitet\u00f3nicos , desde a habita\u00e7\u00e3o \u00e0 ind\u00fastria , passando pelos equipamentos tur\u00edsticos e sociais. Conta com um portfolio consistente e diversificado de obras constru\u00eddas , distribu\u00eddas pelo territ\u00f3rio nacional , o [&hellip;]<\/p>","protected":false},"author":1,"featured_media":0,"parent":0,"menu_order":0,"comment_status":"closed","ping_status":"closed","template":"","meta":{"footnotes":""},"class_list":["post-5438","page","type-page","status-publish","hentry","entry"],"_links":{"self":[{"href":"https:\/\/atelieraberto.pt\/en\/wp-json\/wp\/v2\/pages\/5438","targetHints":{"allow":["GET"]}}],"collection":[{"href":"https:\/\/atelieraberto.pt\/en\/wp-json\/wp\/v2\/pages"}],"about":[{"href":"https:\/\/atelieraberto.pt\/en\/wp-json\/wp\/v2\/types\/page"}],"author":[{"embeddable":true,"href":"https:\/\/atelieraberto.pt\/en\/wp-json\/wp\/v2\/users\/1"}],"replies":[{"embeddable":true,"href":"https:\/\/atelieraberto.pt\/en\/wp-json\/wp\/v2\/comments?post=5438"}],"version-history":[{"count":34,"href":"https:\/\/atelieraberto.pt\/en\/wp-json\/wp\/v2\/pages\/5438\/revisions"}],"predecessor-version":[{"id":6693,"href":"https:\/\/atelieraberto.pt\/en\/wp-json\/wp\/v2\/pages\/5438\/revisions\/6693"}],"wp:attachment":[{"href":"https:\/\/atelieraberto.pt\/en\/wp-json\/wp\/v2\/media?parent=5438"}],"curies":[{"name":"wp","href":"https:\/\/api.w.org\/{rel}","templated":true}]}}