{"id":4173,"date":"2022-02-06T12:29:34","date_gmt":"2022-02-06T12:29:34","guid":{"rendered":"https:\/\/atelieraberto.pt\/?page_id=4173"},"modified":"2025-03-28T18:26:04","modified_gmt":"2025-03-28T18:26:04","slug":"casaemportomanso","status":"publish","type":"page","link":"https:\/\/atelieraberto.pt\/en\/projetos\/casaemportomanso\/","title":{"rendered":"House in Porto Manso"},"content":{"rendered":"<div data-elementor-type=\"wp-page\" data-elementor-id=\"4173\" class=\"elementor elementor-4173\" data-elementor-settings=\"[]\">\n\t\t\t\t\t\t\t<div class=\"elementor-section-wrap\">\n\t\t\t\t\t\t\t<section class=\"elementor-section elementor-top-section elementor-element elementor-element-84942a6 elementor-section-full_width elementor-section-height-default elementor-section-height-default\" data-id=\"84942a6\" data-element_type=\"section\" data-settings=\"{&quot;background_background&quot;:&quot;classic&quot;}\">\n\t\t\t\t\t\t<div class=\"elementor-container elementor-column-gap-default\">\n\t\t\t\t\t<div class=\"elementor-column elementor-col-100 elementor-top-column elementor-element elementor-element-9a58b0f\" data-id=\"9a58b0f\" data-element_type=\"column\">\n\t\t\t<div class=\"elementor-widget-wrap elementor-element-populated\">\n\t\t\t\t\t\t\t\t<div class=\"elementor-element elementor-element-06557d5 elementor-widget elementor-widget-gallery\" data-id=\"06557d5\" data-element_type=\"widget\" data-settings=\"{&quot;gallery_layout&quot;:&quot;masonry&quot;,&quot;columns&quot;:3,&quot;gap&quot;:{&quot;unit&quot;:&quot;px&quot;,&quot;size&quot;:25,&quot;sizes&quot;:[]},&quot;columns_tablet&quot;:2,&quot;columns_mobile&quot;:1,&quot;gap_tablet&quot;:{&quot;unit&quot;:&quot;px&quot;,&quot;size&quot;:10,&quot;sizes&quot;:[]},&quot;gap_mobile&quot;:{&quot;unit&quot;:&quot;px&quot;,&quot;size&quot;:10,&quot;sizes&quot;:[]},&quot;link_to&quot;:&quot;file&quot;,&quot;overlay_background&quot;:&quot;yes&quot;,&quot;content_hover_animation&quot;:&quot;fade-in&quot;}\" data-widget_type=\"gallery.default\">\n\t\t\t\t<div class=\"elementor-widget-container\">\n\t\t\t\t\t<div class=\"elementor-gallery__container\">\n\t\t\t\t\t\t\t<a class=\"e-gallery-item elementor-gallery-item elementor-animated-content\" href=\"https:\/\/atelieraberto.pt\/wp-content\/uploads\/2022\/07\/corte2-3.png\" data-elementor-open-lightbox=\"yes\" data-elementor-lightbox-slideshow=\"all-06557d5\">\n\t\t\t\t\t<div class=\"e-gallery-image elementor-gallery-item__image\" data-thumbnail=\"https:\/\/atelieraberto.pt\/wp-content\/uploads\/2022\/07\/corte2-3-768x457.png\" data-width=\"768\" data-height=\"457\" alt=\"\" ><\/div>\n\t\t\t\t\t\t\t\t\t\t\t<div class=\"elementor-gallery-item__overlay\"><\/div>\n\t\t\t\t\t\t\t\t\t\t\t\t\t\t<\/a>\n\t\t\t\t\t\t\t<a class=\"e-gallery-item elementor-gallery-item elementor-animated-content\" href=\"https:\/\/atelieraberto.pt\/wp-content\/uploads\/2022\/07\/0010_DIN9855_atelier_aberto_baiao.jpg\" data-elementor-open-lightbox=\"yes\" data-elementor-lightbox-slideshow=\"all-06557d5\">\n\t\t\t\t\t<div class=\"e-gallery-image elementor-gallery-item__image\" data-thumbnail=\"https:\/\/atelieraberto.pt\/wp-content\/uploads\/2022\/07\/0010_DIN9855_atelier_aberto_baiao-768x512.jpg\" data-width=\"768\" data-height=\"512\" alt=\"\" ><\/div>\n\t\t\t\t\t\t\t\t\t\t\t<div class=\"elementor-gallery-item__overlay\"><\/div>\n\t\t\t\t\t\t\t\t\t\t\t\t\t\t<\/a>\n\t\t\t\t\t\t\t<a class=\"e-gallery-item elementor-gallery-item elementor-animated-content\" href=\"https:\/\/atelieraberto.pt\/wp-content\/uploads\/2022\/07\/0014_DIN9882_atelier_aberto_baiao.jpg\" data-elementor-open-lightbox=\"yes\" data-elementor-lightbox-slideshow=\"all-06557d5\">\n\t\t\t\t\t<div class=\"e-gallery-image elementor-gallery-item__image\" data-thumbnail=\"https:\/\/atelieraberto.pt\/wp-content\/uploads\/2022\/07\/0014_DIN9882_atelier_aberto_baiao-768x512.jpg\" data-width=\"768\" data-height=\"512\" alt=\"\" ><\/div>\n\t\t\t\t\t\t\t\t\t\t\t<div class=\"elementor-gallery-item__overlay\"><\/div>\n\t\t\t\t\t\t\t\t\t\t\t\t\t\t<\/a>\n\t\t\t\t\t\t\t<a class=\"e-gallery-item elementor-gallery-item elementor-animated-content\" href=\"https:\/\/atelieraberto.pt\/wp-content\/uploads\/2022\/07\/0009_DIN9818-HDR-Editar_atelier_aberto_baiao.jpg\" data-elementor-open-lightbox=\"yes\" data-elementor-lightbox-slideshow=\"all-06557d5\">\n\t\t\t\t\t<div class=\"e-gallery-image elementor-gallery-item__image\" data-thumbnail=\"https:\/\/atelieraberto.pt\/wp-content\/uploads\/2022\/07\/0009_DIN9818-HDR-Editar_atelier_aberto_baiao.jpg\" data-width=\"683\" data-height=\"1024\" alt=\"\" ><\/div>\n\t\t\t\t\t\t\t\t\t\t\t<div class=\"elementor-gallery-item__overlay\"><\/div>\n\t\t\t\t\t\t\t\t\t\t\t\t\t\t<\/a>\n\t\t\t\t\t\t\t<a class=\"e-gallery-item elementor-gallery-item elementor-animated-content\" href=\"https:\/\/atelieraberto.pt\/wp-content\/uploads\/2022\/07\/alcado1-7.png\" data-elementor-open-lightbox=\"yes\" data-elementor-lightbox-slideshow=\"all-06557d5\">\n\t\t\t\t\t<div class=\"e-gallery-image elementor-gallery-item__image\" data-thumbnail=\"https:\/\/atelieraberto.pt\/wp-content\/uploads\/2022\/07\/alcado1-7-768x458.png\" data-width=\"768\" data-height=\"458\" alt=\"\" ><\/div>\n\t\t\t\t\t\t\t\t\t\t\t<div class=\"elementor-gallery-item__overlay\"><\/div>\n\t\t\t\t\t\t\t\t\t\t\t\t\t\t<\/a>\n\t\t\t\t\t\t\t<a class=\"e-gallery-item elementor-gallery-item elementor-animated-content\" href=\"https:\/\/atelieraberto.pt\/wp-content\/uploads\/2022\/07\/0002_DIN9729-HDR-Editar_atelier_aberto_baiao.jpg\" data-elementor-open-lightbox=\"yes\" data-elementor-lightbox-slideshow=\"all-06557d5\">\n\t\t\t\t\t<div class=\"e-gallery-image elementor-gallery-item__image\" data-thumbnail=\"https:\/\/atelieraberto.pt\/wp-content\/uploads\/2022\/07\/0002_DIN9729-HDR-Editar_atelier_aberto_baiao-768x512.jpg\" data-width=\"768\" data-height=\"512\" alt=\"\" ><\/div>\n\t\t\t\t\t\t\t\t\t\t\t<div class=\"elementor-gallery-item__overlay\"><\/div>\n\t\t\t\t\t\t\t\t\t\t\t\t\t\t<\/a>\n\t\t\t\t\t\t\t<a class=\"e-gallery-item elementor-gallery-item elementor-animated-content\" href=\"https:\/\/atelieraberto.pt\/wp-content\/uploads\/2022\/07\/0015_DIN9891-Editar_atelier_aberto_baiao.jpg\" data-elementor-open-lightbox=\"yes\" data-elementor-lightbox-slideshow=\"all-06557d5\">\n\t\t\t\t\t<div class=\"e-gallery-image elementor-gallery-item__image\" data-thumbnail=\"https:\/\/atelieraberto.pt\/wp-content\/uploads\/2022\/07\/0015_DIN9891-Editar_atelier_aberto_baiao-768x512.jpg\" data-width=\"768\" data-height=\"512\" alt=\"\" ><\/div>\n\t\t\t\t\t\t\t\t\t\t\t<div class=\"elementor-gallery-item__overlay\"><\/div>\n\t\t\t\t\t\t\t\t\t\t\t\t\t\t<\/a>\n\t\t\t\t\t\t\t<a class=\"e-gallery-item elementor-gallery-item elementor-animated-content\" href=\"https:\/\/atelieraberto.pt\/wp-content\/uploads\/2022\/07\/0003_DIN9732-HDR-Editar_atelier_aberto_baiao.jpg\" data-elementor-open-lightbox=\"yes\" data-elementor-lightbox-slideshow=\"all-06557d5\">\n\t\t\t\t\t<div class=\"e-gallery-image elementor-gallery-item__image\" data-thumbnail=\"https:\/\/atelieraberto.pt\/wp-content\/uploads\/2022\/07\/0003_DIN9732-HDR-Editar_atelier_aberto_baiao.jpg\" data-width=\"683\" data-height=\"1024\" alt=\"\" ><\/div>\n\t\t\t\t\t\t\t\t\t\t\t<div class=\"elementor-gallery-item__overlay\"><\/div>\n\t\t\t\t\t\t\t\t\t\t\t\t\t\t<\/a>\n\t\t\t\t\t\t\t<a class=\"e-gallery-item elementor-gallery-item elementor-animated-content\" href=\"https:\/\/atelieraberto.pt\/wp-content\/uploads\/2022\/07\/0005_DIN9762-HDR-Editar-Editar_atelier_aberto_baiao.jpg\" data-elementor-open-lightbox=\"yes\" data-elementor-lightbox-slideshow=\"all-06557d5\">\n\t\t\t\t\t<div class=\"e-gallery-image elementor-gallery-item__image\" data-thumbnail=\"https:\/\/atelieraberto.pt\/wp-content\/uploads\/2022\/07\/0005_DIN9762-HDR-Editar-Editar_atelier_aberto_baiao-768x512.jpg\" data-width=\"768\" data-height=\"512\" alt=\"\" ><\/div>\n\t\t\t\t\t\t\t\t\t\t\t<div class=\"elementor-gallery-item__overlay\"><\/div>\n\t\t\t\t\t\t\t\t\t\t\t\t\t\t<\/a>\n\t\t\t\t\t\t\t<a class=\"e-gallery-item elementor-gallery-item elementor-animated-content\" href=\"https:\/\/atelieraberto.pt\/wp-content\/uploads\/2022\/07\/alcado2-5.png\" data-elementor-open-lightbox=\"yes\" data-elementor-lightbox-slideshow=\"all-06557d5\">\n\t\t\t\t\t<div class=\"e-gallery-image elementor-gallery-item__image\" data-thumbnail=\"https:\/\/atelieraberto.pt\/wp-content\/uploads\/2022\/07\/alcado2-5-768x457.png\" data-width=\"768\" data-height=\"457\" alt=\"\" ><\/div>\n\t\t\t\t\t\t\t\t\t\t\t<div class=\"elementor-gallery-item__overlay\"><\/div>\n\t\t\t\t\t\t\t\t\t\t\t\t\t\t<\/a>\n\t\t\t\t\t\t\t<a class=\"e-gallery-item elementor-gallery-item elementor-animated-content\" href=\"https:\/\/atelieraberto.pt\/wp-content\/uploads\/2022\/07\/0016_DIN9906_atelier_aberto_baiao.jpg\" data-elementor-open-lightbox=\"yes\" data-elementor-lightbox-slideshow=\"all-06557d5\">\n\t\t\t\t\t<div class=\"e-gallery-image elementor-gallery-item__image\" data-thumbnail=\"https:\/\/atelieraberto.pt\/wp-content\/uploads\/2022\/07\/0016_DIN9906_atelier_aberto_baiao-768x512.jpg\" data-width=\"768\" data-height=\"512\" alt=\"\" ><\/div>\n\t\t\t\t\t\t\t\t\t\t\t<div class=\"elementor-gallery-item__overlay\"><\/div>\n\t\t\t\t\t\t\t\t\t\t\t\t\t\t<\/a>\n\t\t\t\t\t\t\t<a class=\"e-gallery-item elementor-gallery-item elementor-animated-content\" href=\"https:\/\/atelieraberto.pt\/wp-content\/uploads\/2022\/07\/corte1-7.png\" data-elementor-open-lightbox=\"yes\" data-elementor-lightbox-slideshow=\"all-06557d5\">\n\t\t\t\t\t<div class=\"e-gallery-image elementor-gallery-item__image\" data-thumbnail=\"https:\/\/atelieraberto.pt\/wp-content\/uploads\/2022\/07\/corte1-7-768x457.png\" data-width=\"768\" data-height=\"457\" alt=\"\" ><\/div>\n\t\t\t\t\t\t\t\t\t\t\t<div class=\"elementor-gallery-item__overlay\"><\/div>\n\t\t\t\t\t\t\t\t\t\t\t\t\t\t<\/a>\n\t\t\t\t\t\t\t<a class=\"e-gallery-item elementor-gallery-item elementor-animated-content\" href=\"https:\/\/atelieraberto.pt\/wp-content\/uploads\/2022\/07\/planta1-7.png\" data-elementor-open-lightbox=\"yes\" data-elementor-lightbox-slideshow=\"all-06557d5\">\n\t\t\t\t\t<div class=\"e-gallery-image elementor-gallery-item__image\" data-thumbnail=\"https:\/\/atelieraberto.pt\/wp-content\/uploads\/2022\/07\/planta1-7-768x734.png\" data-width=\"768\" data-height=\"734\" alt=\"\" ><\/div>\n\t\t\t\t\t\t\t\t\t\t\t<div class=\"elementor-gallery-item__overlay\"><\/div>\n\t\t\t\t\t\t\t\t\t\t\t\t\t\t<\/a>\n\t\t\t\t\t\t\t<a class=\"e-gallery-item elementor-gallery-item elementor-animated-content\" href=\"https:\/\/atelieraberto.pt\/wp-content\/uploads\/2022\/07\/planta2-6.png\" data-elementor-open-lightbox=\"yes\" data-elementor-lightbox-slideshow=\"all-06557d5\">\n\t\t\t\t\t<div class=\"e-gallery-image elementor-gallery-item__image\" data-thumbnail=\"https:\/\/atelieraberto.pt\/wp-content\/uploads\/2022\/07\/planta2-6-768x753.png\" data-width=\"768\" data-height=\"753\" alt=\"\" ><\/div>\n\t\t\t\t\t\t\t\t\t\t\t<div class=\"elementor-gallery-item__overlay\"><\/div>\n\t\t\t\t\t\t\t\t\t\t\t\t\t\t<\/a>\n\t\t\t\t\t\t\t<a class=\"e-gallery-item elementor-gallery-item elementor-animated-content\" href=\"https:\/\/atelieraberto.pt\/wp-content\/uploads\/2022\/07\/0013_DIN9879_atelier_aberto_baiao.jpg\" data-elementor-open-lightbox=\"yes\" data-elementor-lightbox-slideshow=\"all-06557d5\">\n\t\t\t\t\t<div class=\"e-gallery-image elementor-gallery-item__image\" data-thumbnail=\"https:\/\/atelieraberto.pt\/wp-content\/uploads\/2022\/07\/0013_DIN9879_atelier_aberto_baiao-768x512.jpg\" data-width=\"768\" data-height=\"512\" alt=\"\" ><\/div>\n\t\t\t\t\t\t\t\t\t\t\t<div class=\"elementor-gallery-item__overlay\"><\/div>\n\t\t\t\t\t\t\t\t\t\t\t\t\t\t<\/a>\n\t\t\t\t\t\t\t<a class=\"e-gallery-item elementor-gallery-item elementor-animated-content\" href=\"https:\/\/atelieraberto.pt\/wp-content\/uploads\/2022\/07\/0026_DIN0059-HDR-Editar_atelier_aberto_baiao.jpg\" data-elementor-open-lightbox=\"yes\" data-elementor-lightbox-slideshow=\"all-06557d5\">\n\t\t\t\t\t<div class=\"e-gallery-image elementor-gallery-item__image\" data-thumbnail=\"https:\/\/atelieraberto.pt\/wp-content\/uploads\/2022\/07\/0026_DIN0059-HDR-Editar_atelier_aberto_baiao-768x512.jpg\" data-width=\"768\" data-height=\"512\" alt=\"\" ><\/div>\n\t\t\t\t\t\t\t\t\t\t\t<div class=\"elementor-gallery-item__overlay\"><\/div>\n\t\t\t\t\t\t\t\t\t\t\t\t\t\t<\/a>\n\t\t\t\t\t\t\t<a class=\"e-gallery-item elementor-gallery-item elementor-animated-content\" href=\"https:\/\/atelieraberto.pt\/wp-content\/uploads\/2022\/07\/0007_DIN9785-HDR-Editar_atelier_aberto_baiao.jpg\" data-elementor-open-lightbox=\"yes\" data-elementor-lightbox-slideshow=\"all-06557d5\">\n\t\t\t\t\t<div class=\"e-gallery-image elementor-gallery-item__image\" data-thumbnail=\"https:\/\/atelieraberto.pt\/wp-content\/uploads\/2022\/07\/0007_DIN9785-HDR-Editar_atelier_aberto_baiao-768x512.jpg\" data-width=\"768\" data-height=\"512\" alt=\"\" ><\/div>\n\t\t\t\t\t\t\t\t\t\t\t<div class=\"elementor-gallery-item__overlay\"><\/div>\n\t\t\t\t\t\t\t\t\t\t\t\t\t\t<\/a>\n\t\t\t\t\t\t\t<a class=\"e-gallery-item elementor-gallery-item elementor-animated-content\" href=\"https:\/\/atelieraberto.pt\/wp-content\/uploads\/2022\/07\/0021_DIN9994-HDR-Editar_atelier_aberto_baiao.jpg\" data-elementor-open-lightbox=\"yes\" data-elementor-lightbox-slideshow=\"all-06557d5\">\n\t\t\t\t\t<div class=\"e-gallery-image elementor-gallery-item__image\" data-thumbnail=\"https:\/\/atelieraberto.pt\/wp-content\/uploads\/2022\/07\/0021_DIN9994-HDR-Editar_atelier_aberto_baiao-768x513.jpg\" data-width=\"768\" data-height=\"513\" alt=\"\" ><\/div>\n\t\t\t\t\t\t\t\t\t\t\t<div class=\"elementor-gallery-item__overlay\"><\/div>\n\t\t\t\t\t\t\t\t\t\t\t\t\t\t<\/a>\n\t\t\t\t\t<\/div>\n\t\t\t<\/div>\n\t\t\t\t<\/div>\n\t\t\t\t\t<\/div>\n\t\t<\/div>\n\t\t\t\t\t\t\t<\/div>\n\t\t<\/section>\n\t\t\t\t<section class=\"elementor-section elementor-top-section elementor-element elementor-element-2bc01ec elementor-section-full_width elementor-section-height-default elementor-section-height-default\" data-id=\"2bc01ec\" data-element_type=\"section\" data-settings=\"{&quot;background_background&quot;:&quot;classic&quot;}\">\n\t\t\t\t\t\t<div class=\"elementor-container elementor-column-gap-default\">\n\t\t\t\t\t<div class=\"elementor-column elementor-col-100 elementor-top-column elementor-element elementor-element-586e63d\" data-id=\"586e63d\" data-element_type=\"column\">\n\t\t\t<div class=\"elementor-widget-wrap elementor-element-populated\">\n\t\t\t\t\t\t\t\t<div class=\"elementor-element elementor-element-92da296 elementor-widget elementor-widget-heading\" data-id=\"92da296\" data-element_type=\"widget\" data-widget_type=\"heading.default\">\n\t\t\t\t<div class=\"elementor-widget-container\">\n\t\t\t<h2 class=\"elementor-heading-title elementor-size-default\">2017<\/h2>\t\t<\/div>\n\t\t\t\t<\/div>\n\t\t\t\t<div class=\"elementor-element elementor-element-991e475 noparagraph elementor-widget elementor-widget-text-editor\" data-id=\"991e475\" data-element_type=\"widget\" data-widget_type=\"text-editor.default\">\n\t\t\t\t<div class=\"elementor-widget-container\">\n\t\t\t\t\t\t\t<p><strong>House in Porto Manso<\/strong><\/p>\t\t\t\t\t\t<\/div>\n\t\t\t\t<\/div>\n\t\t\t\t<div class=\"elementor-element elementor-element-59b4167 noparagraph elementor-widget elementor-widget-text-editor\" data-id=\"59b4167\" data-element_type=\"widget\" data-widget_type=\"text-editor.default\">\n\t\t\t\t<div class=\"elementor-widget-container\">\n\t\t\t\t\t\t\t<p><strong>Architects:<\/strong> Luca Dubini, Sofia Santos<\/p><p><strong>Location:<\/strong> Porto Manso, Bai\u00e3o<\/p><p><strong>Year:<\/strong> 2017<\/p><p><strong>Areas:<\/strong> 258 m\u00b2<\/p><p><strong>Photography:<\/strong> Dinis Santos<\/p>\t\t\t\t\t\t<\/div>\n\t\t\t\t<\/div>\n\t\t\t\t\t<\/div>\n\t\t<\/div>\n\t\t\t\t\t\t\t<\/div>\n\t\t<\/section>\n\t\t\t\t\t\t<\/div>\n\t\t\t\t\t<\/div>","protected":false},"excerpt":{"rendered":"<p>2017 Casa em Porto Manso Arquitetos: Luca Dubini, Sofia Santos Localiza\u00e7\u00e3o: Porto Manso, Bai\u00e3o Ano: 2017 \u00c1reas: 258 m\u00b2 Fotografia: Dinis Santos<\/p>","protected":false},"author":1,"featured_media":0,"parent":420,"menu_order":0,"comment_status":"closed","ping_status":"closed","template":"","meta":{"footnotes":""},"class_list":["post-4173","page","type-page","status-publish","hentry","entry"],"_links":{"self":[{"href":"https:\/\/atelieraberto.pt\/en\/wp-json\/wp\/v2\/pages\/4173","targetHints":{"allow":["GET"]}}],"collection":[{"href":"https:\/\/atelieraberto.pt\/en\/wp-json\/wp\/v2\/pages"}],"about":[{"href":"https:\/\/atelieraberto.pt\/en\/wp-json\/wp\/v2\/types\/page"}],"author":[{"embeddable":true,"href":"https:\/\/atelieraberto.pt\/en\/wp-json\/wp\/v2\/users\/1"}],"replies":[{"embeddable":true,"href":"https:\/\/atelieraberto.pt\/en\/wp-json\/wp\/v2\/comments?post=4173"}],"version-history":[{"count":22,"href":"https:\/\/atelieraberto.pt\/en\/wp-json\/wp\/v2\/pages\/4173\/revisions"}],"predecessor-version":[{"id":7603,"href":"https:\/\/atelieraberto.pt\/en\/wp-json\/wp\/v2\/pages\/4173\/revisions\/7603"}],"up":[{"embeddable":true,"href":"https:\/\/atelieraberto.pt\/en\/wp-json\/wp\/v2\/pages\/420"}],"wp:attachment":[{"href":"https:\/\/atelieraberto.pt\/en\/wp-json\/wp\/v2\/media?parent=4173"}],"curies":[{"name":"wp","href":"https:\/\/api.w.org\/{rel}","templated":true}]}}