{"id":4132,"date":"2022-02-06T12:20:58","date_gmt":"2022-02-06T12:20:58","guid":{"rendered":"https:\/\/atelieraberto.pt\/?page_id=4132"},"modified":"2022-07-18T11:49:34","modified_gmt":"2022-07-18T11:49:34","slug":"moradiasjoao","status":"publish","type":"page","link":"https:\/\/atelieraberto.pt\/en\/projetos\/moradiasjoao\/","title":{"rendered":"Moradia S. Jo\u00e3o"},"content":{"rendered":"<div data-elementor-type=\"wp-page\" data-elementor-id=\"4132\" class=\"elementor elementor-4132\" data-elementor-settings=\"[]\">\n\t\t\t\t\t\t\t<div class=\"elementor-section-wrap\">\n\t\t\t\t\t\t\t<section class=\"elementor-section elementor-top-section elementor-element elementor-element-84942a6 elementor-section-full_width elementor-section-height-default elementor-section-height-default\" data-id=\"84942a6\" data-element_type=\"section\" data-settings=\"{&quot;background_background&quot;:&quot;classic&quot;}\">\n\t\t\t\t\t\t<div class=\"elementor-container elementor-column-gap-default\">\n\t\t\t\t\t<div class=\"elementor-column elementor-col-100 elementor-top-column elementor-element elementor-element-9a58b0f\" data-id=\"9a58b0f\" data-element_type=\"column\">\n\t\t\t<div class=\"elementor-widget-wrap elementor-element-populated\">\n\t\t\t\t\t\t\t\t<div class=\"elementor-element elementor-element-06557d5 elementor-widget elementor-widget-gallery\" data-id=\"06557d5\" data-element_type=\"widget\" data-settings=\"{&quot;gallery_layout&quot;:&quot;masonry&quot;,&quot;columns&quot;:3,&quot;gap&quot;:{&quot;unit&quot;:&quot;px&quot;,&quot;size&quot;:25,&quot;sizes&quot;:[]},&quot;columns_tablet&quot;:2,&quot;columns_mobile&quot;:1,&quot;gap_tablet&quot;:{&quot;unit&quot;:&quot;px&quot;,&quot;size&quot;:10,&quot;sizes&quot;:[]},&quot;gap_mobile&quot;:{&quot;unit&quot;:&quot;px&quot;,&quot;size&quot;:10,&quot;sizes&quot;:[]},&quot;link_to&quot;:&quot;file&quot;,&quot;overlay_background&quot;:&quot;yes&quot;,&quot;content_hover_animation&quot;:&quot;fade-in&quot;}\" data-widget_type=\"gallery.default\">\n\t\t\t\t<div class=\"elementor-widget-container\">\n\t\t\t\t\t<div class=\"elementor-gallery__container\">\n\t\t\t\t\t\t\t<a class=\"e-gallery-item elementor-gallery-item elementor-animated-content\" href=\"https:\/\/atelieraberto.pt\/wp-content\/uploads\/2022\/07\/DIN6754-Editar_atelier_aberto_2021_2048.jpg\" data-elementor-open-lightbox=\"yes\" data-elementor-lightbox-slideshow=\"all-06557d5\">\n\t\t\t\t\t<div class=\"e-gallery-image elementor-gallery-item__image\" data-thumbnail=\"https:\/\/atelieraberto.pt\/wp-content\/uploads\/2022\/07\/DIN6754-Editar_atelier_aberto_2021_2048.jpg\" data-width=\"547\" data-height=\"820\" alt=\"\" ><\/div>\n\t\t\t\t\t\t\t\t\t\t\t<div class=\"elementor-gallery-item__overlay\"><\/div>\n\t\t\t\t\t\t\t\t\t\t\t\t\t\t<\/a>\n\t\t\t\t\t\t\t<a class=\"e-gallery-item elementor-gallery-item elementor-animated-content\" href=\"https:\/\/atelieraberto.pt\/wp-content\/uploads\/2022\/07\/DIN6833-Editar_atelier_aberto_2021_2048.jpg\" data-elementor-open-lightbox=\"yes\" data-elementor-lightbox-slideshow=\"all-06557d5\">\n\t\t\t\t\t<div class=\"e-gallery-image elementor-gallery-item__image\" data-thumbnail=\"https:\/\/atelieraberto.pt\/wp-content\/uploads\/2022\/07\/DIN6833-Editar_atelier_aberto_2021_2048-768x512.jpg\" data-width=\"768\" data-height=\"512\" alt=\"\" ><\/div>\n\t\t\t\t\t\t\t\t\t\t\t<div class=\"elementor-gallery-item__overlay\"><\/div>\n\t\t\t\t\t\t\t\t\t\t\t\t\t\t<\/a>\n\t\t\t\t\t\t\t<a class=\"e-gallery-item elementor-gallery-item elementor-animated-content\" href=\"https:\/\/atelieraberto.pt\/wp-content\/uploads\/2022\/07\/DIN6739-Editar_atelier_aberto_2021_2048.jpg\" data-elementor-open-lightbox=\"yes\" data-elementor-lightbox-slideshow=\"all-06557d5\">\n\t\t\t\t\t<div class=\"e-gallery-image elementor-gallery-item__image\" data-thumbnail=\"https:\/\/atelieraberto.pt\/wp-content\/uploads\/2022\/07\/DIN6739-Editar_atelier_aberto_2021_2048.jpg\" data-width=\"547\" data-height=\"820\" alt=\"\" ><\/div>\n\t\t\t\t\t\t\t\t\t\t\t<div class=\"elementor-gallery-item__overlay\"><\/div>\n\t\t\t\t\t\t\t\t\t\t\t\t\t\t<\/a>\n\t\t\t\t\t\t\t<a class=\"e-gallery-item elementor-gallery-item elementor-animated-content\" href=\"https:\/\/atelieraberto.pt\/wp-content\/uploads\/2022\/07\/corte1-11.png\" data-elementor-open-lightbox=\"yes\" data-elementor-lightbox-slideshow=\"all-06557d5\">\n\t\t\t\t\t<div class=\"e-gallery-image elementor-gallery-item__image\" data-thumbnail=\"https:\/\/atelieraberto.pt\/wp-content\/uploads\/2022\/07\/corte1-11-768x219.png\" data-width=\"768\" data-height=\"219\" alt=\"\" ><\/div>\n\t\t\t\t\t\t\t\t\t\t\t<div class=\"elementor-gallery-item__overlay\"><\/div>\n\t\t\t\t\t\t\t\t\t\t\t\t\t\t<\/a>\n\t\t\t\t\t\t\t<a class=\"e-gallery-item elementor-gallery-item elementor-animated-content\" href=\"https:\/\/atelieraberto.pt\/wp-content\/uploads\/2022\/07\/alcado2-8.png\" data-elementor-open-lightbox=\"yes\" data-elementor-lightbox-slideshow=\"all-06557d5\">\n\t\t\t\t\t<div class=\"e-gallery-image elementor-gallery-item__image\" data-thumbnail=\"https:\/\/atelieraberto.pt\/wp-content\/uploads\/2022\/07\/alcado2-8-768x219.png\" data-width=\"768\" data-height=\"219\" alt=\"\" ><\/div>\n\t\t\t\t\t\t\t\t\t\t\t<div class=\"elementor-gallery-item__overlay\"><\/div>\n\t\t\t\t\t\t\t\t\t\t\t\t\t\t<\/a>\n\t\t\t\t\t\t\t<a class=\"e-gallery-item elementor-gallery-item elementor-animated-content\" href=\"https:\/\/atelieraberto.pt\/wp-content\/uploads\/2022\/07\/DIN6722-Editar_atelier_aberto_2021_2048.jpg\" data-elementor-open-lightbox=\"yes\" data-elementor-lightbox-slideshow=\"all-06557d5\">\n\t\t\t\t\t<div class=\"e-gallery-image elementor-gallery-item__image\" data-thumbnail=\"https:\/\/atelieraberto.pt\/wp-content\/uploads\/2022\/07\/DIN6722-Editar_atelier_aberto_2021_2048-768x511.jpg\" data-width=\"768\" data-height=\"511\" alt=\"\" ><\/div>\n\t\t\t\t\t\t\t\t\t\t\t<div class=\"elementor-gallery-item__overlay\"><\/div>\n\t\t\t\t\t\t\t\t\t\t\t\t\t\t<\/a>\n\t\t\t\t\t\t\t<a class=\"e-gallery-item elementor-gallery-item elementor-animated-content\" href=\"https:\/\/atelieraberto.pt\/wp-content\/uploads\/2022\/07\/alcado1-10.png\" data-elementor-open-lightbox=\"yes\" data-elementor-lightbox-slideshow=\"all-06557d5\">\n\t\t\t\t\t<div class=\"e-gallery-image elementor-gallery-item__image\" data-thumbnail=\"https:\/\/atelieraberto.pt\/wp-content\/uploads\/2022\/07\/alcado1-10-768x219.png\" data-width=\"768\" data-height=\"219\" alt=\"\" ><\/div>\n\t\t\t\t\t\t\t\t\t\t\t<div class=\"elementor-gallery-item__overlay\"><\/div>\n\t\t\t\t\t\t\t\t\t\t\t\t\t\t<\/a>\n\t\t\t\t\t\t\t<a class=\"e-gallery-item elementor-gallery-item elementor-animated-content\" href=\"https:\/\/atelieraberto.pt\/wp-content\/uploads\/2022\/07\/DIN6729-Editar_atelier_aberto_2021_2048.jpg\" data-elementor-open-lightbox=\"yes\" data-elementor-lightbox-slideshow=\"all-06557d5\">\n\t\t\t\t\t<div class=\"e-gallery-image elementor-gallery-item__image\" data-thumbnail=\"https:\/\/atelieraberto.pt\/wp-content\/uploads\/2022\/07\/DIN6729-Editar_atelier_aberto_2021_2048-768x512.jpg\" data-width=\"768\" data-height=\"512\" alt=\"\" ><\/div>\n\t\t\t\t\t\t\t\t\t\t\t<div class=\"elementor-gallery-item__overlay\"><\/div>\n\t\t\t\t\t\t\t\t\t\t\t\t\t\t<\/a>\n\t\t\t\t\t\t\t<a class=\"e-gallery-item elementor-gallery-item elementor-animated-content\" href=\"https:\/\/atelieraberto.pt\/wp-content\/uploads\/2022\/07\/DIN6745-Editar_atelier_aberto_2021_2048.jpg\" data-elementor-open-lightbox=\"yes\" data-elementor-lightbox-slideshow=\"all-06557d5\">\n\t\t\t\t\t<div class=\"e-gallery-image elementor-gallery-item__image\" data-thumbnail=\"https:\/\/atelieraberto.pt\/wp-content\/uploads\/2022\/07\/DIN6745-Editar_atelier_aberto_2021_2048.jpg\" data-width=\"547\" data-height=\"820\" alt=\"\" ><\/div>\n\t\t\t\t\t\t\t\t\t\t\t<div class=\"elementor-gallery-item__overlay\"><\/div>\n\t\t\t\t\t\t\t\t\t\t\t\t\t\t<\/a>\n\t\t\t\t\t\t\t<a class=\"e-gallery-item elementor-gallery-item elementor-animated-content\" href=\"https:\/\/atelieraberto.pt\/wp-content\/uploads\/2022\/07\/corte2-7.png\" data-elementor-open-lightbox=\"yes\" data-elementor-lightbox-slideshow=\"all-06557d5\">\n\t\t\t\t\t<div class=\"e-gallery-image elementor-gallery-item__image\" data-thumbnail=\"https:\/\/atelieraberto.pt\/wp-content\/uploads\/2022\/07\/corte2-7-768x219.png\" data-width=\"768\" data-height=\"219\" alt=\"\" ><\/div>\n\t\t\t\t\t\t\t\t\t\t\t<div class=\"elementor-gallery-item__overlay\"><\/div>\n\t\t\t\t\t\t\t\t\t\t\t\t\t\t<\/a>\n\t\t\t\t\t\t\t<a class=\"e-gallery-item elementor-gallery-item elementor-animated-content\" href=\"https:\/\/atelieraberto.pt\/wp-content\/uploads\/2022\/07\/DIN6751-Editar_atelier_aberto_2021_2048.jpg\" data-elementor-open-lightbox=\"yes\" data-elementor-lightbox-slideshow=\"all-06557d5\">\n\t\t\t\t\t<div class=\"e-gallery-image elementor-gallery-item__image\" data-thumbnail=\"https:\/\/atelieraberto.pt\/wp-content\/uploads\/2022\/07\/DIN6751-Editar_atelier_aberto_2021_2048.jpg\" data-width=\"547\" data-height=\"820\" alt=\"\" ><\/div>\n\t\t\t\t\t\t\t\t\t\t\t<div class=\"elementor-gallery-item__overlay\"><\/div>\n\t\t\t\t\t\t\t\t\t\t\t\t\t\t<\/a>\n\t\t\t\t\t\t\t<a class=\"e-gallery-item elementor-gallery-item elementor-animated-content\" href=\"https:\/\/atelieraberto.pt\/wp-content\/uploads\/2022\/07\/DIN6737-Editar_atelier_aberto_2021_2048.jpg\" data-elementor-open-lightbox=\"yes\" data-elementor-lightbox-slideshow=\"all-06557d5\">\n\t\t\t\t\t<div class=\"e-gallery-image elementor-gallery-item__image\" data-thumbnail=\"https:\/\/atelieraberto.pt\/wp-content\/uploads\/2022\/07\/DIN6737-Editar_atelier_aberto_2021_2048-768x512.jpg\" data-width=\"768\" data-height=\"512\" alt=\"\" ><\/div>\n\t\t\t\t\t\t\t\t\t\t\t<div class=\"elementor-gallery-item__overlay\"><\/div>\n\t\t\t\t\t\t\t\t\t\t\t\t\t\t<\/a>\n\t\t\t\t\t<\/div>\n\t\t\t<\/div>\n\t\t\t\t<\/div>\n\t\t\t\t\t<\/div>\n\t\t<\/div>\n\t\t\t\t\t\t\t<\/div>\n\t\t<\/section>\n\t\t\t\t<section class=\"elementor-section elementor-top-section elementor-element elementor-element-2bc01ec elementor-section-full_width elementor-section-height-default elementor-section-height-default\" data-id=\"2bc01ec\" data-element_type=\"section\" data-settings=\"{&quot;background_background&quot;:&quot;classic&quot;}\">\n\t\t\t\t\t\t<div class=\"elementor-container elementor-column-gap-default\">\n\t\t\t\t\t<div class=\"elementor-column elementor-col-100 elementor-top-column elementor-element elementor-element-586e63d\" data-id=\"586e63d\" data-element_type=\"column\">\n\t\t\t<div class=\"elementor-widget-wrap elementor-element-populated\">\n\t\t\t\t\t\t\t\t<div class=\"elementor-element elementor-element-92da296 elementor-widget elementor-widget-heading\" data-id=\"92da296\" data-element_type=\"widget\" data-widget_type=\"heading.default\">\n\t\t\t\t<div class=\"elementor-widget-container\">\n\t\t\t<h2 class=\"elementor-heading-title elementor-size-default\">2015<\/h2>\t\t<\/div>\n\t\t\t\t<\/div>\n\t\t\t\t<div class=\"elementor-element elementor-element-991e475 noparagraph elementor-widget elementor-widget-text-editor\" data-id=\"991e475\" data-element_type=\"widget\" data-widget_type=\"text-editor.default\">\n\t\t\t\t<div class=\"elementor-widget-container\">\n\t\t\t\t\t\t\t<p><strong>Mariana Santos House<\/strong><\/p>\t\t\t\t\t\t<\/div>\n\t\t\t\t<\/div>\n\t\t\t\t<div class=\"elementor-element elementor-element-59b4167 noparagraph elementor-widget elementor-widget-text-editor\" data-id=\"59b4167\" data-element_type=\"widget\" data-widget_type=\"text-editor.default\">\n\t\t\t\t<div class=\"elementor-widget-container\">\n\t\t\t\t\t\t\t<p><strong>Architects:<\/strong> Luca Dubini, Sofia Santos<\/p><p><strong>Location:<\/strong> S\u00e3o Jo\u00e3o da Madeira, Aveiro<\/p><p><strong>Year:<\/strong> 2015<\/p><p><strong>Areas:<\/strong> 340 m\u00b2<\/p><p><strong>Photography:<\/strong> Dinis Santos<\/p>\t\t\t\t\t\t<\/div>\n\t\t\t\t<\/div>\n\t\t\t\t\t<\/div>\n\t\t<\/div>\n\t\t\t\t\t\t\t<\/div>\n\t\t<\/section>\n\t\t\t\t\t\t<\/div>\n\t\t\t\t\t<\/div>","protected":false},"excerpt":{"rendered":"<p>2015 Casa Mariana Santos Arquitetos: Luca Dubini, Sofia Santos Localiza\u00e7\u00e3o: S\u00e3o Jo\u00e3o da Madeira, Aveiro Ano: 2015 \u00c1reas: 340 m\u00b2 Fotografia: Dinis Santos<\/p>","protected":false},"author":1,"featured_media":0,"parent":420,"menu_order":0,"comment_status":"closed","ping_status":"closed","template":"","meta":{"footnotes":""},"class_list":["post-4132","page","type-page","status-publish","hentry","entry"],"_links":{"self":[{"href":"https:\/\/atelieraberto.pt\/en\/wp-json\/wp\/v2\/pages\/4132","targetHints":{"allow":["GET"]}}],"collection":[{"href":"https:\/\/atelieraberto.pt\/en\/wp-json\/wp\/v2\/pages"}],"about":[{"href":"https:\/\/atelieraberto.pt\/en\/wp-json\/wp\/v2\/types\/page"}],"author":[{"embeddable":true,"href":"https:\/\/atelieraberto.pt\/en\/wp-json\/wp\/v2\/users\/1"}],"replies":[{"embeddable":true,"href":"https:\/\/atelieraberto.pt\/en\/wp-json\/wp\/v2\/comments?post=4132"}],"version-history":[{"count":25,"href":"https:\/\/atelieraberto.pt\/en\/wp-json\/wp\/v2\/pages\/4132\/revisions"}],"predecessor-version":[{"id":6513,"href":"https:\/\/atelieraberto.pt\/en\/wp-json\/wp\/v2\/pages\/4132\/revisions\/6513"}],"up":[{"embeddable":true,"href":"https:\/\/atelieraberto.pt\/en\/wp-json\/wp\/v2\/pages\/420"}],"wp:attachment":[{"href":"https:\/\/atelieraberto.pt\/en\/wp-json\/wp\/v2\/media?parent=4132"}],"curies":[{"name":"wp","href":"https:\/\/api.w.org\/{rel}","templated":true}]}}