{"id":4016,"date":"2022-02-06T11:07:32","date_gmt":"2022-02-06T11:07:32","guid":{"rendered":"https:\/\/atelieraberto.pt\/?page_id=4016"},"modified":"2022-07-18T11:48:25","modified_gmt":"2022-07-18T11:48:25","slug":"escritoriosedeapimenta","status":"publish","type":"page","link":"https:\/\/atelieraberto.pt\/en\/projetos\/escritoriosedeapimenta\/","title":{"rendered":"Sede a Pimenta Office"},"content":{"rendered":"<div data-elementor-type=\"wp-page\" data-elementor-id=\"4016\" class=\"elementor elementor-4016\" data-elementor-settings=\"[]\">\n\t\t\t\t\t\t\t<div class=\"elementor-section-wrap\">\n\t\t\t\t\t\t\t<section class=\"elementor-section elementor-top-section elementor-element elementor-element-84942a6 elementor-section-full_width elementor-section-height-default elementor-section-height-default\" data-id=\"84942a6\" data-element_type=\"section\" data-settings=\"{&quot;background_background&quot;:&quot;classic&quot;}\">\n\t\t\t\t\t\t<div class=\"elementor-container elementor-column-gap-default\">\n\t\t\t\t\t<div class=\"elementor-column elementor-col-100 elementor-top-column elementor-element elementor-element-9a58b0f\" data-id=\"9a58b0f\" data-element_type=\"column\">\n\t\t\t<div class=\"elementor-widget-wrap elementor-element-populated\">\n\t\t\t\t\t\t\t\t<div class=\"elementor-element elementor-element-06557d5 elementor-widget elementor-widget-gallery\" data-id=\"06557d5\" data-element_type=\"widget\" data-settings=\"{&quot;gallery_layout&quot;:&quot;masonry&quot;,&quot;columns&quot;:3,&quot;gap&quot;:{&quot;unit&quot;:&quot;px&quot;,&quot;size&quot;:25,&quot;sizes&quot;:[]},&quot;columns_tablet&quot;:2,&quot;columns_mobile&quot;:1,&quot;gap_tablet&quot;:{&quot;unit&quot;:&quot;px&quot;,&quot;size&quot;:10,&quot;sizes&quot;:[]},&quot;gap_mobile&quot;:{&quot;unit&quot;:&quot;px&quot;,&quot;size&quot;:10,&quot;sizes&quot;:[]},&quot;link_to&quot;:&quot;file&quot;,&quot;overlay_background&quot;:&quot;yes&quot;,&quot;content_hover_animation&quot;:&quot;fade-in&quot;}\" data-widget_type=\"gallery.default\">\n\t\t\t\t<div class=\"elementor-widget-container\">\n\t\t\t\t\t<div class=\"elementor-gallery__container\">\n\t\t\t\t\t\t\t<a class=\"e-gallery-item elementor-gallery-item elementor-animated-content\" href=\"https:\/\/atelieraberto.pt\/wp-content\/uploads\/2022\/07\/planta2-9.png\" data-elementor-open-lightbox=\"yes\" data-elementor-lightbox-slideshow=\"all-06557d5\">\n\t\t\t\t\t<div class=\"e-gallery-image elementor-gallery-item__image\" data-thumbnail=\"https:\/\/atelieraberto.pt\/wp-content\/uploads\/2022\/07\/planta2-9-768x403.png\" data-width=\"768\" data-height=\"403\" alt=\"\" ><\/div>\n\t\t\t\t\t\t\t\t\t\t\t<div class=\"elementor-gallery-item__overlay\"><\/div>\n\t\t\t\t\t\t\t\t\t\t\t\t\t\t<\/a>\n\t\t\t\t\t\t\t<a class=\"e-gallery-item elementor-gallery-item elementor-animated-content\" href=\"https:\/\/atelieraberto.pt\/wp-content\/uploads\/2022\/07\/DIN5607-Editar_atelier_aberto_2021_2048.jpg\" data-elementor-open-lightbox=\"yes\" data-elementor-lightbox-slideshow=\"all-06557d5\">\n\t\t\t\t\t<div class=\"e-gallery-image elementor-gallery-item__image\" data-thumbnail=\"https:\/\/atelieraberto.pt\/wp-content\/uploads\/2022\/07\/DIN5607-Editar_atelier_aberto_2021_2048.jpg\" data-width=\"574\" data-height=\"383\" alt=\"\" ><\/div>\n\t\t\t\t\t\t\t\t\t\t\t<div class=\"elementor-gallery-item__overlay\"><\/div>\n\t\t\t\t\t\t\t\t\t\t\t\t\t\t<\/a>\n\t\t\t\t\t\t\t<a class=\"e-gallery-item elementor-gallery-item elementor-animated-content\" href=\"https:\/\/atelieraberto.pt\/wp-content\/uploads\/2022\/07\/DIN5656-Editar_atelier_aberto_2021_2048.jpg\" data-elementor-open-lightbox=\"yes\" data-elementor-lightbox-slideshow=\"all-06557d5\">\n\t\t\t\t\t<div class=\"e-gallery-image elementor-gallery-item__image\" data-thumbnail=\"https:\/\/atelieraberto.pt\/wp-content\/uploads\/2022\/07\/DIN5656-Editar_atelier_aberto_2021_2048-768x512.jpg\" data-width=\"768\" data-height=\"512\" alt=\"\" ><\/div>\n\t\t\t\t\t\t\t\t\t\t\t<div class=\"elementor-gallery-item__overlay\"><\/div>\n\t\t\t\t\t\t\t\t\t\t\t\t\t\t<\/a>\n\t\t\t\t\t\t\t<a class=\"e-gallery-item elementor-gallery-item elementor-animated-content\" href=\"https:\/\/atelieraberto.pt\/wp-content\/uploads\/2022\/07\/alcado2-9.png\" data-elementor-open-lightbox=\"yes\" data-elementor-lightbox-slideshow=\"all-06557d5\">\n\t\t\t\t\t<div class=\"e-gallery-image elementor-gallery-item__image\" data-thumbnail=\"https:\/\/atelieraberto.pt\/wp-content\/uploads\/2022\/07\/alcado2-9-768x217.png\" data-width=\"768\" data-height=\"217\" alt=\"\" ><\/div>\n\t\t\t\t\t\t\t\t\t\t\t<div class=\"elementor-gallery-item__overlay\"><\/div>\n\t\t\t\t\t\t\t\t\t\t\t\t\t\t<\/a>\n\t\t\t\t\t\t\t<a class=\"e-gallery-item elementor-gallery-item elementor-animated-content\" href=\"https:\/\/atelieraberto.pt\/wp-content\/uploads\/2022\/07\/corte1-13.png\" data-elementor-open-lightbox=\"yes\" data-elementor-lightbox-slideshow=\"all-06557d5\">\n\t\t\t\t\t<div class=\"e-gallery-image elementor-gallery-item__image\" data-thumbnail=\"https:\/\/atelieraberto.pt\/wp-content\/uploads\/2022\/07\/corte1-13-768x359.png\" data-width=\"768\" data-height=\"359\" alt=\"\" ><\/div>\n\t\t\t\t\t\t\t\t\t\t\t<div class=\"elementor-gallery-item__overlay\"><\/div>\n\t\t\t\t\t\t\t\t\t\t\t\t\t\t<\/a>\n\t\t\t\t\t\t\t<a class=\"e-gallery-item elementor-gallery-item elementor-animated-content\" href=\"https:\/\/atelieraberto.pt\/wp-content\/uploads\/2022\/07\/alcado1-11.png\" data-elementor-open-lightbox=\"yes\" data-elementor-lightbox-slideshow=\"all-06557d5\">\n\t\t\t\t\t<div class=\"e-gallery-image elementor-gallery-item__image\" data-thumbnail=\"https:\/\/atelieraberto.pt\/wp-content\/uploads\/2022\/07\/alcado1-11-768x359.png\" data-width=\"768\" data-height=\"359\" alt=\"\" ><\/div>\n\t\t\t\t\t\t\t\t\t\t\t<div class=\"elementor-gallery-item__overlay\"><\/div>\n\t\t\t\t\t\t\t\t\t\t\t\t\t\t<\/a>\n\t\t\t\t\t\t\t<a class=\"e-gallery-item elementor-gallery-item elementor-animated-content\" href=\"https:\/\/atelieraberto.pt\/wp-content\/uploads\/2022\/07\/planta1-12.png\" data-elementor-open-lightbox=\"yes\" data-elementor-lightbox-slideshow=\"all-06557d5\">\n\t\t\t\t\t<div class=\"e-gallery-image elementor-gallery-item__image\" data-thumbnail=\"https:\/\/atelieraberto.pt\/wp-content\/uploads\/2022\/07\/planta1-12-768x403.png\" data-width=\"768\" data-height=\"403\" alt=\"\" ><\/div>\n\t\t\t\t\t\t\t\t\t\t\t<div class=\"elementor-gallery-item__overlay\"><\/div>\n\t\t\t\t\t\t\t\t\t\t\t\t\t\t<\/a>\n\t\t\t\t\t\t\t<a class=\"e-gallery-item elementor-gallery-item elementor-animated-content\" href=\"https:\/\/atelieraberto.pt\/wp-content\/uploads\/2022\/07\/DIN5582_atelieraberto_2021_escolher.jpg\" data-elementor-open-lightbox=\"yes\" data-elementor-lightbox-slideshow=\"all-06557d5\">\n\t\t\t\t\t<div class=\"e-gallery-image elementor-gallery-item__image\" data-thumbnail=\"https:\/\/atelieraberto.pt\/wp-content\/uploads\/2022\/07\/DIN5582_atelieraberto_2021_escolher-768x513.jpg\" data-width=\"768\" data-height=\"513\" alt=\"\" ><\/div>\n\t\t\t\t\t\t\t\t\t\t\t<div class=\"elementor-gallery-item__overlay\"><\/div>\n\t\t\t\t\t\t\t\t\t\t\t\t\t\t<\/a>\n\t\t\t\t\t\t\t<a class=\"e-gallery-item elementor-gallery-item elementor-animated-content\" href=\"https:\/\/atelieraberto.pt\/wp-content\/uploads\/2022\/07\/DIN5630-Editar_atelier_aberto_2021_2048.jpg\" data-elementor-open-lightbox=\"yes\" data-elementor-lightbox-slideshow=\"all-06557d5\">\n\t\t\t\t\t<div class=\"e-gallery-image elementor-gallery-item__image\" data-thumbnail=\"https:\/\/atelieraberto.pt\/wp-content\/uploads\/2022\/07\/DIN5630-Editar_atelier_aberto_2021_2048.jpg\" data-width=\"410\" data-height=\"615\" alt=\"\" ><\/div>\n\t\t\t\t\t\t\t\t\t\t\t<div class=\"elementor-gallery-item__overlay\"><\/div>\n\t\t\t\t\t\t\t\t\t\t\t\t\t\t<\/a>\n\t\t\t\t\t\t\t<a class=\"e-gallery-item elementor-gallery-item elementor-animated-content\" href=\"https:\/\/atelieraberto.pt\/wp-content\/uploads\/2022\/07\/DIN5647-Editar_atelier_aberto_2021_2048.jpg\" data-elementor-open-lightbox=\"yes\" data-elementor-lightbox-slideshow=\"all-06557d5\">\n\t\t\t\t\t<div class=\"e-gallery-image elementor-gallery-item__image\" data-thumbnail=\"https:\/\/atelieraberto.pt\/wp-content\/uploads\/2022\/07\/DIN5647-Editar_atelier_aberto_2021_2048-768x512.jpg\" data-width=\"768\" data-height=\"512\" alt=\"\" ><\/div>\n\t\t\t\t\t\t\t\t\t\t\t<div class=\"elementor-gallery-item__overlay\"><\/div>\n\t\t\t\t\t\t\t\t\t\t\t\t\t\t<\/a>\n\t\t\t\t\t<\/div>\n\t\t\t<\/div>\n\t\t\t\t<\/div>\n\t\t\t\t\t<\/div>\n\t\t<\/div>\n\t\t\t\t\t\t\t<\/div>\n\t\t<\/section>\n\t\t\t\t<section class=\"elementor-section elementor-top-section elementor-element elementor-element-2bc01ec elementor-section-full_width elementor-section-height-default elementor-section-height-default\" data-id=\"2bc01ec\" data-element_type=\"section\" data-settings=\"{&quot;background_background&quot;:&quot;classic&quot;}\">\n\t\t\t\t\t\t<div class=\"elementor-container elementor-column-gap-default\">\n\t\t\t\t\t<div class=\"elementor-column elementor-col-100 elementor-top-column elementor-element elementor-element-586e63d\" data-id=\"586e63d\" data-element_type=\"column\">\n\t\t\t<div class=\"elementor-widget-wrap elementor-element-populated\">\n\t\t\t\t\t\t\t\t<div class=\"elementor-element elementor-element-92da296 elementor-widget elementor-widget-heading\" data-id=\"92da296\" data-element_type=\"widget\" data-widget_type=\"heading.default\">\n\t\t\t\t<div class=\"elementor-widget-container\">\n\t\t\t<h2 class=\"elementor-heading-title elementor-size-default\">2018<\/h2>\t\t<\/div>\n\t\t\t\t<\/div>\n\t\t\t\t<div class=\"elementor-element elementor-element-991e475 noparagraph elementor-widget elementor-widget-text-editor\" data-id=\"991e475\" data-element_type=\"widget\" data-widget_type=\"text-editor.default\">\n\t\t\t\t<div class=\"elementor-widget-container\">\n\t\t\t\t\t\t\t<p><strong>Sede A Pimenta Office<\/strong><\/p>\t\t\t\t\t\t<\/div>\n\t\t\t\t<\/div>\n\t\t\t\t<div class=\"elementor-element elementor-element-59b4167 noparagraph elementor-widget elementor-widget-text-editor\" data-id=\"59b4167\" data-element_type=\"widget\" data-widget_type=\"text-editor.default\">\n\t\t\t\t<div class=\"elementor-widget-container\">\n\t\t\t\t\t\t\t<p><strong>Architects:<\/strong> Luca Dubini, Sofia Santos<\/p><p><strong>Location:<\/strong> Pimenta, Arouca<\/p><p><strong>Year:<\/strong> 2018<\/p><p><strong>Areas:<\/strong> 470n m\u00b2<\/p><p><strong>Photography:<\/strong> Dinis Santos<\/p>\t\t\t\t\t\t<\/div>\n\t\t\t\t<\/div>\n\t\t\t\t\t<\/div>\n\t\t<\/div>\n\t\t\t\t\t\t\t<\/div>\n\t\t<\/section>\n\t\t\t\t\t\t<\/div>\n\t\t\t\t\t<\/div>","protected":false},"excerpt":{"rendered":"<p>2018 Escrit\u00f3rio Sede A Pimenta Arquitetos: Luca Dubini, Sofia Santos Localiza\u00e7\u00e3o: Pimenta, Arouca Ano: 2018 \u00c1reas: 470n m\u00b2 Fotografia: Dinis Santos<\/p>","protected":false},"author":1,"featured_media":0,"parent":420,"menu_order":0,"comment_status":"closed","ping_status":"closed","template":"","meta":{"footnotes":""},"class_list":["post-4016","page","type-page","status-publish","hentry","entry"],"_links":{"self":[{"href":"https:\/\/atelieraberto.pt\/en\/wp-json\/wp\/v2\/pages\/4016","targetHints":{"allow":["GET"]}}],"collection":[{"href":"https:\/\/atelieraberto.pt\/en\/wp-json\/wp\/v2\/pages"}],"about":[{"href":"https:\/\/atelieraberto.pt\/en\/wp-json\/wp\/v2\/types\/page"}],"author":[{"embeddable":true,"href":"https:\/\/atelieraberto.pt\/en\/wp-json\/wp\/v2\/users\/1"}],"replies":[{"embeddable":true,"href":"https:\/\/atelieraberto.pt\/en\/wp-json\/wp\/v2\/comments?post=4016"}],"version-history":[{"count":34,"href":"https:\/\/atelieraberto.pt\/en\/wp-json\/wp\/v2\/pages\/4016\/revisions"}],"predecessor-version":[{"id":6501,"href":"https:\/\/atelieraberto.pt\/en\/wp-json\/wp\/v2\/pages\/4016\/revisions\/6501"}],"up":[{"embeddable":true,"href":"https:\/\/atelieraberto.pt\/en\/wp-json\/wp\/v2\/pages\/420"}],"wp:attachment":[{"href":"https:\/\/atelieraberto.pt\/en\/wp-json\/wp\/v2\/media?parent=4016"}],"curies":[{"name":"wp","href":"https:\/\/api.w.org\/{rel}","templated":true}]}}